{"id":26,"date":"2016-02-01T20:25:45","date_gmt":"2016-02-01T20:25:45","guid":{"rendered":"http:\/\/localhost\/_lyrathemes\/vega-lite\/?page_id=26"},"modified":"2020-11-13T09:36:45","modified_gmt":"2020-11-13T12:36:45","slug":"welcome-to-vega-lite","status":"publish","type":"page","link":"https:\/\/conservemadeiratratada.com.br\/site\/","title":{"rendered":"Conhe\u00e7a a Conserve"},"content":{"rendered":"<div id=\"sobre\" class=\"row\">\n<div class=\"col-md-7\">\n<p>Fundada em 1997, a empresa Lussana Materiais de Constru\u00e7\u00e3o Ltda, sediada na Praia Para\u00edso no munic\u00edpio de Torres\/RS, come\u00e7ou seu ramo de atividades na \u00e1rea de materiais de constru\u00e7\u00e3o.<\/p>\n<p>Sempre oferecendo o melhor para seus clientes sem prejudicar o meio ambiente. Pensando nisso, no ano de 2006 come\u00e7ou a comercializar madeiras tratadas em auto clave (eucalipto e pinus).<\/p>\n<p>Em 2010, abre sua pr\u00f3pria Usina de Preserva\u00e7\u00e3o de Madeiras, a CONSERVE TRATAMENTO DE MADEIRAS, localizada na Estrada da Perua, em Os\u00f3rio\/RS.<\/p>\n<p>Nossa meta \u00e9 crescer cada vez mais na qualidade, atrav\u00e9s de nossos produtos e servi\u00e7os prestados e nunca esquecer de respeitar o meio ambiente e contribuir para o bem estar de todos.<\/p>\n<\/div>\n<div class=\"col-md-5\">\n<p><img loading=\"lazy\" class=\"alignnone size-medium wp-image-1061 img-responsive\" src=\"http:\/\/conservemadeiratratada.com.br\/site\/wp-content\/uploads\/2020\/11\/sobre-a-conserve-300x225.jpg\" alt=\"\" width=\"300\" height=\"225\" srcset=\"https:\/\/conservemadeiratratada.com.br\/site\/wp-content\/uploads\/2020\/11\/sobre-a-conserve-300x225.jpg 300w, https:\/\/conservemadeiratratada.com.br\/site\/wp-content\/uploads\/2020\/11\/sobre-a-conserve-768x576.jpg 768w, https:\/\/conservemadeiratratada.com.br\/site\/wp-content\/uploads\/2020\/11\/sobre-a-conserve.jpg 1024w\" sizes=\"(max-width: 300px) 100vw, 300px\" \/><\/p>\n<\/div>\n<\/div>\n","protected":false},"excerpt":{"rendered":"<p>Fundada em 1997, a empresa Lussana Materiais de Constru\u00e7\u00e3o Ltda, sediada na Praia Para\u00edso no munic\u00edpio de Torres\/RS, come\u00e7ou seu ramo de atividades na \u00e1rea de materiais de constru\u00e7\u00e3o. Sempre oferecendo o melhor para seus clientes sem prejudicar o meio ambiente. Pensando nisso, no ano de 2006 come\u00e7ou a comercializar madeiras tratadas em auto clave (eucalipto e pinus). Em 2010, abre sua pr\u00f3pria Usina de [&hellip;]<\/p>\n","protected":false},"author":2,"featured_media":0,"parent":0,"menu_order":0,"comment_status":"closed","ping_status":"closed","template":"","meta":[],"_links":{"self":[{"href":"https:\/\/conservemadeiratratada.com.br\/site\/wp-json\/wp\/v2\/pages\/26"}],"collection":[{"href":"https:\/\/conservemadeiratratada.com.br\/site\/wp-json\/wp\/v2\/pages"}],"about":[{"href":"https:\/\/conservemadeiratratada.com.br\/site\/wp-json\/wp\/v2\/types\/page"}],"author":[{"embeddable":true,"href":"https:\/\/conservemadeiratratada.com.br\/site\/wp-json\/wp\/v2\/users\/2"}],"replies":[{"embeddable":true,"href":"https:\/\/conservemadeiratratada.com.br\/site\/wp-json\/wp\/v2\/comments?post=26"}],"version-history":[{"count":5,"href":"https:\/\/conservemadeiratratada.com.br\/site\/wp-json\/wp\/v2\/pages\/26\/revisions"}],"predecessor-version":[{"id":1062,"href":"https:\/\/conservemadeiratratada.com.br\/site\/wp-json\/wp\/v2\/pages\/26\/revisions\/1062"}],"wp:attachment":[{"href":"https:\/\/conservemadeiratratada.com.br\/site\/wp-json\/wp\/v2\/media?parent=26"}],"curies":[{"name":"wp","href":"https:\/\/api.w.org\/{rel}","templated":true}]}}