{"id":777,"date":"2020-10-07T17:18:17","date_gmt":"2020-10-07T20:18:17","guid":{"rendered":"http:\/\/conservemadeiratratada.com.br\/site\/?page_id=777"},"modified":"2020-11-12T15:21:58","modified_gmt":"2020-11-12T18:21:58","slug":"autoclave","status":"publish","type":"page","link":"https:\/\/conservemadeiratratada.com.br\/site\/autoclave\/","title":{"rendered":"Autoclave"},"content":{"rendered":"<p>A autoclavegem \u00e9 um moderno processo industrial de tratamento de madeira, que incorpora tecnologia desenvolvida nos campos da mec\u00e2nica e da qu\u00edmica.<\/p>\n<p>Somente atrav\u00e9s de autoclavagem \u00e9 poss\u00edvel impregnar profundamente a madeira com produtos inseticidas e fungicidas de a\u00e7\u00e3o comprovada, protegendo-a contra o apodrecimento, o cupim e outros agentes biol\u00f3gicos de deteriora\u00e7\u00e3o.<\/p>\n<p><strong>Processo de Tratamento<\/strong><\/p>\n<p>1. Inser\u00e7\u00e3o das pe\u00e7as de madeira no interior da autoclave;<\/p>\n<p>2. V\u00e1cuo inicial para abertura das c\u00e9lulas da madeira, preparando a mesma para a impregna\u00e7\u00e3o do agente preservante;<\/p>\n<p>3. Preenchimento da autoclave com solu\u00e7\u00e3o aquosa adequada, do agente preservante CCA &#8211; Arseniato de Cobre Cromatado.<\/p>\n<p>4. Aplica\u00e7\u00e3o de press\u00e3o em autoclave para impregna\u00e7\u00e3o total da solu\u00e7\u00e3o de CCA na madeira em tratamento.<\/p>\n<p>5. Retorno da solu\u00e7\u00e3o e v\u00e1cuo final. Neste processo a solu\u00e7\u00e3o remanescente retorna ao reservat\u00f3rio, permanecendo nas c\u00e9lulas da madeira apenas a solu\u00e7\u00e3o impregnada.<\/p>\n<p>6. Retirada da madeira autoclavada para cura e secagem das pe\u00e7as e, posterior comercializa\u00e7\u00e3o.<\/p>\n<p>&nbsp;<\/p>\n<div style=\"overflow: auto; text-align: center;\">\n\n\t\t<style type=\"text\/css\">\n\t\t\t#gallery-1 {\n\t\t\t\tmargin: auto;\n\t\t\t}\n\t\t\t#gallery-1 .gallery-item {\n\t\t\t\tfloat: left;\n\t\t\t\tmargin-top: 10px;\n\t\t\t\ttext-align: center;\n\t\t\t\twidth: 33%;\n\t\t\t}\n\t\t\t#gallery-1 img {\n\t\t\t\tborder: 2px solid #cfcfcf;\n\t\t\t}\n\t\t\t#gallery-1 .gallery-caption {\n\t\t\t\tmargin-left: 0;\n\t\t\t}\n\t\t\t\/* see gallery_shortcode() in wp-includes\/media.php *\/\n\t\t<\/style>\n\t\t<div id='gallery-1' class='gallery galleryid-777 gallery-columns-3 gallery-size-thumbnail'><dl class='gallery-item'>\n\t\t\t<dt class='gallery-icon landscape'>\n\t\t\t\t<a href='https:\/\/conservemadeiratratada.com.br\/site\/wp-content\/uploads\/2020\/10\/1316440628.jpg' title=\"\" data-rl_title=\"\" class=\"rl-gallery-link\" data-rl_caption=\"\" data-rel=\"lightbox-gallery-1\"><img width=\"150\" height=\"150\" src=\"https:\/\/conservemadeiratratada.com.br\/site\/wp-content\/uploads\/2020\/10\/1316440628-150x150.jpg\" class=\"attachment-thumbnail size-thumbnail\" alt=\"\" loading=\"lazy\" \/><\/a>\n\t\t\t<\/dt><\/dl><dl class='gallery-item'>\n\t\t\t<dt class='gallery-icon landscape'>\n\t\t\t\t<a href='https:\/\/conservemadeiratratada.com.br\/site\/wp-content\/uploads\/2020\/10\/59a84b66412ab.jpg' title=\"\" data-rl_title=\"\" class=\"rl-gallery-link\" data-rl_caption=\"\" data-rel=\"lightbox-gallery-1\"><img width=\"150\" height=\"150\" src=\"https:\/\/conservemadeiratratada.com.br\/site\/wp-content\/uploads\/2020\/10\/59a84b66412ab-150x150.jpg\" class=\"attachment-thumbnail size-thumbnail\" alt=\"\" loading=\"lazy\" \/><\/a>\n\t\t\t<\/dt><\/dl><dl class='gallery-item'>\n\t\t\t<dt class='gallery-icon landscape'>\n\t\t\t\t<a href='https:\/\/conservemadeiratratada.com.br\/site\/wp-content\/uploads\/2020\/10\/59a84c34c1271.jpg' title=\"\" data-rl_title=\"\" class=\"rl-gallery-link\" data-rl_caption=\"\" data-rel=\"lightbox-gallery-1\"><img width=\"150\" height=\"150\" src=\"https:\/\/conservemadeiratratada.com.br\/site\/wp-content\/uploads\/2020\/10\/59a84c34c1271-150x150.jpg\" class=\"attachment-thumbnail size-thumbnail\" alt=\"\" loading=\"lazy\" \/><\/a>\n\t\t\t<\/dt><\/dl><br style=\"clear: both\" \/>\n\t\t<\/div>\n\n<\/div>\n","protected":false},"excerpt":{"rendered":"<p>A autoclavegem \u00e9 um moderno processo industrial de tratamento de madeira, que incorpora tecnologia desenvolvida nos campos da mec\u00e2nica e da qu\u00edmica. Somente atrav\u00e9s de autoclavagem \u00e9 poss\u00edvel impregnar profundamente a madeira com produtos inseticidas e fungicidas de a\u00e7\u00e3o comprovada, protegendo-a contra o apodrecimento, o cupim e outros agentes biol\u00f3gicos de deteriora\u00e7\u00e3o. Processo de Tratamento 1. Inser\u00e7\u00e3o das pe\u00e7as de madeira no interior da autoclave; [&hellip;]<\/p>\n","protected":false},"author":2,"featured_media":0,"parent":0,"menu_order":0,"comment_status":"closed","ping_status":"closed","template":"","meta":[],"_links":{"self":[{"href":"https:\/\/conservemadeiratratada.com.br\/site\/wp-json\/wp\/v2\/pages\/777"}],"collection":[{"href":"https:\/\/conservemadeiratratada.com.br\/site\/wp-json\/wp\/v2\/pages"}],"about":[{"href":"https:\/\/conservemadeiratratada.com.br\/site\/wp-json\/wp\/v2\/types\/page"}],"author":[{"embeddable":true,"href":"https:\/\/conservemadeiratratada.com.br\/site\/wp-json\/wp\/v2\/users\/2"}],"replies":[{"embeddable":true,"href":"https:\/\/conservemadeiratratada.com.br\/site\/wp-json\/wp\/v2\/comments?post=777"}],"version-history":[{"count":5,"href":"https:\/\/conservemadeiratratada.com.br\/site\/wp-json\/wp\/v2\/pages\/777\/revisions"}],"predecessor-version":[{"id":1053,"href":"https:\/\/conservemadeiratratada.com.br\/site\/wp-json\/wp\/v2\/pages\/777\/revisions\/1053"}],"wp:attachment":[{"href":"https:\/\/conservemadeiratratada.com.br\/site\/wp-json\/wp\/v2\/media?parent=777"}],"curies":[{"name":"wp","href":"https:\/\/api.w.org\/{rel}","templated":true}]}}